{"id":95,"date":"2019-01-13T21:11:16","date_gmt":"2019-01-13T20:11:16","guid":{"rendered":"http:\/\/cmvillette.be\/?page_id=95"},"modified":"2025-12-11T10:13:49","modified_gmt":"2025-12-11T09:13:49","slug":"numeros-utiles","status":"publish","type":"page","link":"https:\/\/cmvillette.be\/index.php\/numeros-utiles\/","title":{"rendered":"num\u00e9ros utiles"},"content":{"rendered":"<div class=\"test\">\r\n<p>&nbsp;<\/p>\r\n\r\n<p>Num\u00e9ros utiles<\/p>\r\n<p><img loading=\"lazy\" decoding=\"async\" width=\"145\" height=\"100\" class=\"wp-image-121\" src=\"http:\/\/cmvillette.be\/wp-content\/uploads\/2019\/01\/word-image-5.png\" \/><\/p>\r\n<p><a href=\"https:\/\/www.centreantipoisons.be\/\">https:\/\/www.centreantipoisons.be\/<\/a><\/p>\r\n<p><a href=\"https:\/\/www.centreantipoisons.be\/\">Centre Antipoisons:\u00a0<\/a> 070.245.245 24h\/24 7j\/7<\/p>\r\n<p>&nbsp;<\/p>\r\n<p><a href=\"http:\/\/www.sgmg.be\/\">Service de garde en M\u00e9decine G\u00e9n\u00e9rale :<\/a> 1733<\/p>\r\n<p><img loading=\"lazy\" decoding=\"async\" width=\"235\" height=\"316\" class=\"wp-image-122\" src=\"http:\/\/cmvillette.be\/wp-content\/uploads\/2019\/01\/word-image-6.png\" srcset=\"https:\/\/cmvillette.be\/wp-content\/uploads\/2019\/01\/word-image-6.png 235w, https:\/\/cmvillette.be\/wp-content\/uploads\/2019\/01\/word-image-6-223x300.png 223w\" sizes=\"auto, (max-width: 235px) 100vw, 235px\" \/><\/p>\r\n<p><em>Pour les visites \u00e0 domicile urgentes concernant des pathologies de M\u00e9decine G\u00e9n\u00e9rale de 19h \u00e0 7h en semaine et 24h\/24 les week-end et jours f\u00e9ri\u00e9s. Le poste de garde vous accueille uniquement sur rendez-vous \u00e0 prendre au 1733\u00a0 de 18h \u00e0 23h en semaine et de 8h \u00e0 23h les week-end et jours f\u00e9ri\u00e9s.<\/em><\/p>\r\n<p><img loading=\"lazy\" decoding=\"async\" width=\"262\" height=\"262\" class=\"wp-image-123\" src=\"http:\/\/cmvillette.be\/wp-content\/uploads\/2019\/01\/word-image-7.png\" srcset=\"https:\/\/cmvillette.be\/wp-content\/uploads\/2019\/01\/word-image-7.png 262w, https:\/\/cmvillette.be\/wp-content\/uploads\/2019\/01\/word-image-7-150x150.png 150w\" sizes=\"auto, (max-width: 262px) 100vw, 262px\" \/><\/p>\r\n<p><a href=\"https:\/\/www.sos112.be\/fr\/\">Ambulance\/pompiers\/secours urgents\u00a0 <\/a> 112<\/p>\r\n<p><img loading=\"lazy\" decoding=\"async\" width=\"220\" height=\"79\" class=\"wp-image-124\" src=\"http:\/\/cmvillette.be\/wp-content\/uploads\/2019\/01\/word-image-2.jpeg\" \/><\/p>\r\n<p><a href=\"https:\/\/www.croix-rouge.be\/\">La croix rouge de Belgique <\/a> 105<\/p>\r\n<p><img loading=\"lazy\" decoding=\"async\" width=\"837\" height=\"119\" class=\"wp-image-125\" src=\"http:\/\/cmvillette.be\/wp-content\/uploads\/2019\/01\/word-image-8.png\" srcset=\"https:\/\/cmvillette.be\/wp-content\/uploads\/2019\/01\/word-image-8.png 837w, https:\/\/cmvillette.be\/wp-content\/uploads\/2019\/01\/word-image-8-300x43.png 300w, https:\/\/cmvillette.be\/wp-content\/uploads\/2019\/01\/word-image-8-768x109.png 768w\" sizes=\"auto, (max-width: 837px) 100vw, 837px\" \/><\/p>\r\n<p><a href=\"http:\/\/www.scsadcharleroi.be\/Pages\/accueil.html\">Coordination des soins \u00e0 domicile de Charleroi <\/a> 071.33.11.55<\/p>\r\n<p><img loading=\"lazy\" decoding=\"async\" width=\"160\" height=\"136\" class=\"wp-image-126\" src=\"http:\/\/cmvillette.be\/wp-content\/uploads\/2019\/01\/word-image-3.jpeg\" \/><\/p>\r\n<p><a href=\"https:\/\/www.cpascharleroi.be\/fr\/aide-et-soins-domicile\">C.P.A.S. de CHARLEROI\u00a0&#8211; Aide et Soins \u00e0 domicile <\/a> 071.23.30.30<\/p>\r\n<p><em>Aides familiales, repas \u00e0 domicile, gardes malades<\/em><\/p>\r\n<p><img loading=\"lazy\" decoding=\"async\" width=\"201\" height=\"99\" class=\"wp-image-127\" src=\"http:\/\/cmvillette.be\/wp-content\/uploads\/2019\/01\/word-image-9.png\" \/><\/p>\r\n<p><a href=\"https:\/\/www.preventionsuicide.be\/fr\/\">Centre de Pr\u00e9vention du Suicide <\/a> 0800.32.123<\/p>\r\n<p>&nbsp;<\/p>\r\n<p><a href=\"https:\/\/www.reseaumosaique.be\/\"><img decoding=\"async\" src=\"http:\/\/cmvillette.be\/wp-content\/uploads\/2025\/05\/Logo-Mosaique-1-e1616090877544.png\" alt=\"R\u00e9seau Mosa\u00efque\" \/><\/a><\/p>\r\n<p><a href=\"https:\/\/www.reseaumosaique.be\/\">Pour trouver un psychologue pour les soins de premi\u00e8re ligne<\/a><\/p>\r\n<\/div>","protected":false},"excerpt":{"rendered":"<p>&nbsp; Num\u00e9ros utiles https:\/\/www.centreantipoisons.be\/ Centre Antipoisons:\u00a0 070.245.245 24h\/24 7j\/7 &nbsp; Service de garde en M\u00e9decine G\u00e9n\u00e9rale : 1733 Pour les visites \u00e0 domicile urgentes concernant des pathologies de M\u00e9decine G\u00e9n\u00e9rale de 19h \u00e0 7h en semaine et 24h\/24 les week-end et jours f\u00e9ri\u00e9s. Le poste de garde vous accueille uniquement sur rendez-vous \u00e0 prendre au [&hellip;]<\/p>\n","protected":false},"author":1,"featured_media":0,"parent":0,"menu_order":0,"comment_status":"closed","ping_status":"closed","template":"","meta":{"footnotes":""},"class_list":["post-95","page","type-page","status-publish","hentry"],"aioseo_notices":[],"_links":{"self":[{"href":"https:\/\/cmvillette.be\/index.php\/wp-json\/wp\/v2\/pages\/95","targetHints":{"allow":["GET"]}}],"collection":[{"href":"https:\/\/cmvillette.be\/index.php\/wp-json\/wp\/v2\/pages"}],"about":[{"href":"https:\/\/cmvillette.be\/index.php\/wp-json\/wp\/v2\/types\/page"}],"author":[{"embeddable":true,"href":"https:\/\/cmvillette.be\/index.php\/wp-json\/wp\/v2\/users\/1"}],"replies":[{"embeddable":true,"href":"https:\/\/cmvillette.be\/index.php\/wp-json\/wp\/v2\/comments?post=95"}],"version-history":[{"count":20,"href":"https:\/\/cmvillette.be\/index.php\/wp-json\/wp\/v2\/pages\/95\/revisions"}],"predecessor-version":[{"id":436,"href":"https:\/\/cmvillette.be\/index.php\/wp-json\/wp\/v2\/pages\/95\/revisions\/436"}],"wp:attachment":[{"href":"https:\/\/cmvillette.be\/index.php\/wp-json\/wp\/v2\/media?parent=95"}],"curies":[{"name":"wp","href":"https:\/\/api.w.org\/{rel}","templated":true}]}}