{"id":57,"date":"2019-01-13T20:15:12","date_gmt":"2019-01-13T19:15:12","guid":{"rendered":"http:\/\/cmvillette.be\/?page_id=57"},"modified":"2025-12-11T10:11:45","modified_gmt":"2025-12-11T09:11:45","slug":"acariens","status":"publish","type":"page","link":"https:\/\/cmvillette.be\/index.php\/acariens\/","title":{"rendered":"Acariens"},"content":{"rendered":"<div class=\"test\">\n<table>\n<tbody>\n<tr>\n<td>\n<table>\n<tbody>\n<tr>\n<td>Eradication des Acariens<\/td>\n<td><img loading=\"lazy\" decoding=\"async\" width=\"580\" height=\"405\" src=\"http:\/\/cmvillette.be\/wp-content\/uploads\/2019\/01\/word-image-10.jpeg\" class=\"wp-image-147\" srcset=\"https:\/\/cmvillette.be\/wp-content\/uploads\/2019\/01\/word-image-10.jpeg 580w, https:\/\/cmvillette.be\/wp-content\/uploads\/2019\/01\/word-image-10-300x209.jpeg 300w\" sizes=\"auto, (max-width: 580px) 100vw, 580px\" \/><\/td>\n<\/tr>\n<tr>\n<td><img loading=\"lazy\" decoding=\"async\" width=\"257\" height=\"196\" src=\"http:\/\/cmvillette.be\/wp-content\/uploads\/2019\/01\/word-image-11.jpeg\" class=\"wp-image-148\" \/><\/td>\n<td><img loading=\"lazy\" decoding=\"async\" width=\"1024\" height=\"1024\" src=\"http:\/\/cmvillette.be\/wp-content\/uploads\/2019\/01\/word-image-12.jpeg\" class=\"wp-image-149\" srcset=\"https:\/\/cmvillette.be\/wp-content\/uploads\/2019\/01\/word-image-12.jpeg 1024w, https:\/\/cmvillette.be\/wp-content\/uploads\/2019\/01\/word-image-12-150x150.jpeg 150w, https:\/\/cmvillette.be\/wp-content\/uploads\/2019\/01\/word-image-12-300x300.jpeg 300w, https:\/\/cmvillette.be\/wp-content\/uploads\/2019\/01\/word-image-12-768x768.jpeg 768w\" sizes=\"auto, (max-width: 1024px) 100vw, 1024px\" \/><\/td>\n<\/tr>\n<\/tbody>\n<\/table>\n<\/td>\n<\/tr>\n<tr>\n<td>Pr\u00e9vention des maladies li\u00e9es \u00e0 l\u2019allergie aux Acariens<\/td>\n<\/tr>\n<\/tbody>\n<\/table>\n<h1>Les Acariens<\/h1>\n<p><img loading=\"lazy\" decoding=\"async\" width=\"748\" height=\"372\" src=\"http:\/\/cmvillette.be\/wp-content\/uploads\/2019\/01\/word-image-13.jpeg\" class=\"wp-image-150\" srcset=\"https:\/\/cmvillette.be\/wp-content\/uploads\/2019\/01\/word-image-13.jpeg 748w, https:\/\/cmvillette.be\/wp-content\/uploads\/2019\/01\/word-image-13-300x149.jpeg 300w\" sizes=\"auto, (max-width: 748px) 100vw, 748px\" \/><\/p>\n<p>Les Acariens sont des insectes minuscules invisibles \u00e0 l\u2019\u0153il nu\u00a0; ils ne propagent pas de maladie, mais peuvent provoquer des allergies se manifestant sous la forme d\u2019asthme, de rhinite chronique, d\u2019esczema, etc.<\/p>\n<p>Ils adorent la chaleur et l\u2019humidit\u00e9 et se nourrissent de peaux mortes raison pour laquelle on les trouve souvent dans la literie.<\/p>\n<p>Dans nos contr\u00e9es, ils prolif\u00e8rent le mieux de octobre \u00e0 avril, mais cette p\u00e9riode n\u2019est pas immuable au vu des fluctuations de la m\u00e9t\u00e9o.<\/p>\n<p><img loading=\"lazy\" decoding=\"async\" width=\"268\" height=\"188\" src=\"http:\/\/cmvillette.be\/wp-content\/uploads\/2019\/01\/word-image-14.jpeg\" class=\"wp-image-151\" \/><\/p>\n<h1>Que faire\u00a0?<\/h1>\n<p>Les sols<\/p>\n<p>Les tapis de sol sont un rep\u00e8re potentiel pour ces petits b\u00eates, d\u2019autant plus si avec des animaux domestiques et si la moquette est vieille.<\/p>\n<p>L\u2019id\u00e9al serait de vous d\u00e9barrasser de vos tapis mais c\u2019est la solution aussi la plus on\u00e9reuse. Si cela est impossible, les nettoyages fr\u00e9quents sont indispensables, utilisez un aspirateur vapeur qui se montre plus efficace que le shampoing.<\/p>\n<p>La literie<\/p>\n<p>Vous trouverez dans le commerce des housses pour matelas anti-acariens, des oreillers anti-acariens\u00a0; vous pouvez \u00e9galement congeler une fois par semaine les peluches et coussins. Chaque semaine, laver votre linge de lit avec un cycle plus long et bien rincer celui-ci sera un geste n\u00e9cessaire et efficace.<\/p>\n<p>Nos compagnons \u00e0 quatre pattes pertes \u00e9galement des squames et alimentent les acariens et la chaleur de leur corps lors de leurs longues siestes rentent vos lits ou fauteuils en tissu bien accueillants pour ces insectes. Il faut donc en tenir compte lorsqu\u2019il faudra acqu\u00e9rir un salon, et en d\u00e9limitant les endroits de d\u00e9ambulation de vos animaux domestiques.<\/p>\n<p><img loading=\"lazy\" decoding=\"async\" width=\"800\" height=\"515\" src=\"http:\/\/cmvillette.be\/wp-content\/uploads\/2019\/01\/word-image-15.jpeg\" class=\"wp-image-152\" srcset=\"https:\/\/cmvillette.be\/wp-content\/uploads\/2019\/01\/word-image-15.jpeg 800w, https:\/\/cmvillette.be\/wp-content\/uploads\/2019\/01\/word-image-15-300x193.jpeg 300w, https:\/\/cmvillette.be\/wp-content\/uploads\/2019\/01\/word-image-15-768x494.jpeg 768w\" sizes=\"auto, (max-width: 800px) 100vw, 800px\" \/><\/p>\n<p>Les volumes<\/p>\n<p>Il vous faudra \u00e9galement bien veiller \u00e0 a\u00e9rer vos pi\u00e8ces pour \u00e9viter l\u2019accumulation humidit\u00e9. En hiver, si les temp\u00e9ratures sont n\u00e9gatives, profitez-en pour ventiler votre chambre \u00e0 l\u2019air libre, c\u2019est une op\u00e9ration simple et efficace.<\/p>\n<h2>Les dispositifs<\/h2>\n<p>Dans le commerce il existe \u00e9galement des dispositifs para-m\u00e9dicaux destin\u00e9s \u00e0 l\u2019\u00e9radication des Acariens.<\/p>\n<h2>L&rsquo;<a href=\"https:\/\/anti-acariens.be\/?gclid=CjwKCAiA4OvhBRAjEiwAU2FoJe4CYZ1REC_gjuoSPK_MS1StdrRerMEFsXkTj3nFWaKVnd7mxcwMRxoC4akQAvD_BwE\">anti-acarien ALLERBED<\/a><\/h2>\n<p><img loading=\"lazy\" decoding=\"async\" width=\"700\" height=\"753\" src=\"http:\/\/cmvillette.be\/wp-content\/uploads\/2019\/01\/word-image-12.png\" class=\"wp-image-153\" srcset=\"https:\/\/cmvillette.be\/wp-content\/uploads\/2019\/01\/word-image-12.png 700w, https:\/\/cmvillette.be\/wp-content\/uploads\/2019\/01\/word-image-12-279x300.png 279w\" sizes=\"auto, (max-width: 700px) 100vw, 700px\" \/><\/p>\n<p>ACAR\u2019UP<\/p>\n<p><a href=\"https:\/\/acarup.com\/\"><img loading=\"lazy\" decoding=\"async\" width=\"779\" height=\"568\" src=\"http:\/\/cmvillette.be\/wp-content\/uploads\/2019\/01\/word-image-13.png\" class=\"wp-image-154\" srcset=\"https:\/\/cmvillette.be\/wp-content\/uploads\/2019\/01\/word-image-13.png 779w, https:\/\/cmvillette.be\/wp-content\/uploads\/2019\/01\/word-image-13-300x219.png 300w, https:\/\/cmvillette.be\/wp-content\/uploads\/2019\/01\/word-image-13-768x560.png 768w\" sizes=\"auto, (max-width: 779px) 100vw, 779px\" \/><\/a><\/p>\n<p><a href=\"https:\/\/acarup.com\/\">https:\/\/acarup.com\/<\/a><\/p>\n<p>RECAPITULATIF merci \u00e0 la Soci\u00e9t\u00e9 canadienne de l\u2019asthme\n<\/p><\/div>\n","protected":false},"excerpt":{"rendered":"<p>Eradication des Acariens Pr\u00e9vention des maladies li\u00e9es \u00e0 l\u2019allergie aux Acariens Les Acariens Les Acariens sont des insectes minuscules invisibles \u00e0 l\u2019\u0153il nu\u00a0; ils ne propagent pas de maladie, mais peuvent provoquer des allergies se manifestant sous la forme d\u2019asthme, de rhinite chronique, d\u2019esczema, etc. Ils adorent la chaleur et l\u2019humidit\u00e9 et se nourrissent de [&hellip;]<\/p>\n","protected":false},"author":1,"featured_media":0,"parent":0,"menu_order":0,"comment_status":"closed","ping_status":"closed","template":"","meta":{"footnotes":""},"class_list":["post-57","page","type-page","status-publish","hentry"],"aioseo_notices":[],"_links":{"self":[{"href":"https:\/\/cmvillette.be\/index.php\/wp-json\/wp\/v2\/pages\/57","targetHints":{"allow":["GET"]}}],"collection":[{"href":"https:\/\/cmvillette.be\/index.php\/wp-json\/wp\/v2\/pages"}],"about":[{"href":"https:\/\/cmvillette.be\/index.php\/wp-json\/wp\/v2\/types\/page"}],"author":[{"embeddable":true,"href":"https:\/\/cmvillette.be\/index.php\/wp-json\/wp\/v2\/users\/1"}],"replies":[{"embeddable":true,"href":"https:\/\/cmvillette.be\/index.php\/wp-json\/wp\/v2\/comments?post=57"}],"version-history":[{"count":7,"href":"https:\/\/cmvillette.be\/index.php\/wp-json\/wp\/v2\/pages\/57\/revisions"}],"predecessor-version":[{"id":386,"href":"https:\/\/cmvillette.be\/index.php\/wp-json\/wp\/v2\/pages\/57\/revisions\/386"}],"wp:attachment":[{"href":"https:\/\/cmvillette.be\/index.php\/wp-json\/wp\/v2\/media?parent=57"}],"curies":[{"name":"wp","href":"https:\/\/api.w.org\/{rel}","templated":true}]}}