{"id":56,"date":"2019-01-13T20:15:12","date_gmt":"2019-01-13T19:15:12","guid":{"rendered":"http:\/\/cmvillette.be\/?page_id=56"},"modified":"2025-12-11T10:14:49","modified_gmt":"2025-12-11T09:14:49","slug":"regime-pauvre-en-residu","status":"publish","type":"page","link":"https:\/\/cmvillette.be\/index.php\/regime-pauvre-en-residu\/","title":{"rendered":"Regime pauvre en r\u00e9sidu"},"content":{"rendered":"<div class=\"test\">\r\n\r\n<ul class=\"wp-block-list\"><li><\/li><\/ul>\r\n\r\n\r\n\r\n<p><strong>R\u00e9gime \u00e0\r\nFaible Teneur en R\u00e9sidus<\/strong><\/p>\r\n\r\n\r\n\r\n<p><strong>Aliments permis dans\r\nle r\u00e9gime \u00e0 faible teneur en r\u00e9sidus<\/strong><\/p>\r\n\r\n\r\n\r\n<ul class=\"wp-block-list\"><li>produits c\u00e9r\u00e9aliers raffin\u00e9s tels que les pains\r\n     blancs, les c\u00e9r\u00e9ales et les p\u00e2tes (cherchez sur l\u2019\u00e9tiquette ceux qui ont\r\n     moins de 2&nbsp;g de fibres par portion)<\/li><li>riz blanc<\/li><li>jus sans pulpe ou graines<\/li><li>viande, poisson et \u0153ufs<\/li><li>huile, margarine, beurre, mayonnaise et\r\n     vinaigrettes<\/li><li>fruits sans pelure ou graines et certains fruits\r\n     en conserve ou bien cuits (p.ex., pomme pel\u00e9e, raisins pel\u00e9s sans p\u00e9pins, banane,\r\n     cantaloup, etc.)<\/li><li>certains l\u00e9gumes cuits et mous (p. ex.,\r\n     betteraves, haricots, carottes, concombre, aubergine, champignons, etc.)<\/li><li>limite de deux tasses par jour&nbsp;: lait,\r\n     yogourt, cr\u00e8mes-dessert, soupes \u00e0 base de cr\u00e8me<\/li><\/ul>\r\n\r\n\r\n\r\n<p><strong>Aliments \u00e0 \u00e9viter dans\r\nle r\u00e9gime \u00e0 faible teneur en r\u00e9sidus<\/strong><\/p>\r\n\r\n\r\n\r\n<ul class=\"wp-block-list\"><li>pains \u00e0 grains entiers, c\u00e9r\u00e9ales et p\u00e2tes (p.\r\n     ex., gruau, millet, sarrasin, lin, ma\u00efs souffl\u00e9)<\/li><li>l\u00e9gumes crus<\/li><li>les l\u00e9gumes suivants, cuits ou crus&nbsp;:\r\n     brocoli, chou-fleur, choux de Bruxelles, chou, chou fris\u00e9, bette \u00e0 cardes<\/li><li>fruits s\u00e9ch\u00e9s, baies et autres fruits avec une\r\n     pelure ou des graines<\/li><li>viandes coriaces avec cartilage<\/li><li>beurre d\u2019arachide croquant (cr\u00e9meux est permis)<\/li><li>graines et noix<\/li><li>haricots s\u00e9ch\u00e9s, pois et lentilles<\/li><\/ul>\r\n\r\n\r\n\r\n<p><strong>Limites du\r\n&nbsp;r\u00e9gime \u00e0 faible teneur en r\u00e9sidus<\/strong><\/p>\r\n\r\n\r\n\r\n<p>Le RFTR peut\r\n\u00eatre b\u00e9n\u00e9fique \u00e0 la gestion des sympt\u00f4mes pendant des \u00e9pisodes aigus de douleur\r\nabdominale, d\u2019infection ou d\u2019inflammation. Cependant, soyez conscients que ce\r\nr\u00e9gime n\u2019est pas recommand\u00e9 pour toutes les personnes qui souffrent d\u2019une\r\nmaladie inflammatoire de l\u2019intestin ou d\u2019une autre affection chronique. Le RFTR\r\nne r\u00e9duira pas l\u2019inflammation et n\u2019am\u00e9liorera pas non plus la cause\r\nsous-jacente de votre affection. Suivre un RFTR pour une p\u00e9riode prolong\u00e9e\r\npourrait entra\u00eener des d\u00e9ficiences alimentaires et d\u2019autres sympt\u00f4mes\r\ngastro-intestinaux (p. ex, constipation).<\/p>\r\n\r\n\r\n\r\n<p><strong>L\u2019essentiel<\/strong><\/p>\r\n\r\n\r\n\r\n<p>Votre\r\nm\u00e9decin ou votre di\u00e9t\u00e9tiste peut vous aider \u00e0 d\u00e9cider si ce r\u00e9gime vous\r\nconvient et pendant combien de temps vous devriez le suivre. En faisant la\r\ntransition d\u2019un RFTR \u00e0 votre r\u00e9gime normal, assurez-vous de graduellement\r\nr\u00e9introduire les fibres, en tranches d\u2019environ 5&nbsp;g par semaine, jusqu\u2019\u00e0 ce\r\nque vous ayez atteint la quantit\u00e9 d\u00e9sir\u00e9e. En augmentant la quantit\u00e9 de fibres\r\nalimentaires, il est aussi important de boire suffisamment de liquides.<\/p>\r\n\r\n\r\n\r\n<hr class=\"wp-block-separator\"\/>\r\n\r\n\r\n\r\n<p><strong>Andrea D\u2019Ambrosio, di\u00e9t\u00e9tiste\r\nprofessionnelle<br>\r\nPropri\u00e9taire, Dietetic Directions, Waterloo, ON<\/strong><\/p>\r\n\r\n\r\n\r\n<p><strong>Publi\u00e9 pour la premi\u00e8re fois dans le\r\nbulletin Du coeur au ventreMC num\u00e9ro 187 \u2013 2013<\/strong><\/p>\r\n\r\n\r\n\r\n<ol class=\"wp-block-list\"><li><strong>Ong C&nbsp;<em>et al<\/em>. Evidence for Low Residue Diet in the Management of\r\nGastrointestinal Related Conditions.&nbsp;<em>Proceedings of Singapore\r\nHealthcare<\/em>. 2012; 21(3): 172-178.<br>\r\n2. Tarleton S&nbsp;<em>et al<\/em>. Low-Residue Diet in Diverticular Disease:\r\nPutting an End to a Myth.&nbsp;<\/strong><strong><em>Nutrition in Clinical Practice<\/em><\/strong><strong>. 2011; 26(2):\r\n137-142.<\/strong><\/li><\/ol>\r\n\r\n\r\n\r\n<h2 class=\"wp-block-heading\">Conseils g\u00e9n\u00e9raux<\/h2>\r\n\r\n\r\n\r\n<p>Il\r\ns\u2019agit de vous proposer des rep\u00e8res dans la prescription d\u2019un r\u00e9gime sans\r\nr\u00e9sidu qui pourra \u00eatre strict ou \u00e9largi.<\/p>\r\n\r\n\r\n\r\n<p>Ce\r\nr\u00e9gime vous sera prescrit ou conseill\u00e9 par votre m\u00e9decin dans le cadre de\r\nmaladies affectant les intestins, le c\u00f4lon, avant r\u00e9alisation d\u2019une coloscopie\r\nou \u00e0 la suite d\u2019une intervention chirurgicale.<\/p>\r\n\r\n\r\n\r\n<p>Parmi\r\nces maladies, on cite : la maladie de Crohn, la rectolite h\u00e9moragique, la\r\ncolite, diverticulite.<\/p>\r\n\r\n\r\n\r\n<h2 class=\"wp-block-heading\">R\u00e9gime sans r\u00e9sidus<br>\r\nCe r\u00e9gime doit \u00eatre suivi durant les 4 jours qui pr\u00e9c\u00e8dent l\u2019examen.<\/h2>\r\n\r\n\r\n\r\n<h3 class=\"wp-block-heading\"><strong>Aliments\r\nautoris\u00e9s<\/strong><\/h3>\r\n\r\n\r\n\r\n<h4 class=\"wp-block-heading\"><strong>Petit d\u00e9jeuner et go\u00fbter :<\/strong><strong><\/strong><\/h4>\r\n\r\n\r\n\r\n<ul class=\"wp-block-list\"><li>Th\u00e9, caf\u00e9, tisane, jus de fruits\r\n     (pomme, raisin, citron filtr\u00e9), biscottes, biscuits secs.<\/li><li>Beurre (en petite quantit\u00e9) ou gel\u00e9e de\r\n     fruits (pommes, coings, groseilles), sucre, miel.<\/li><\/ul>\r\n\r\n\r\n\r\n<h4 class=\"wp-block-heading\"><strong>Repas du midi :&nbsp;<\/strong><\/h4>\r\n\r\n\r\n\r\n<ul class=\"wp-block-list\"><li>Viandes maigres r\u00f4ties sans jus ou\r\n     grill\u00e9es, jambon, poissons maigres, \u0153ufs (sauf au plat ou en omelette).<\/li><li>C\u00e9r\u00e9ales \u00e0 l\u2019eau : p\u00e2tes blanches, riz\r\n     blanc, semoule, pommes vapeur avec peu de beurre.<\/li><li>Emmental ou fromage de Hollande.<\/li><li>Biscottes.<\/li><li>Cr\u00e8me de marrons, gel\u00e9e de fruits.<\/li><\/ul>\r\n\r\n\r\n\r\n<h4 class=\"wp-block-heading\"><strong>Repas du soir :<\/strong><\/h4>\r\n\r\n\r\n\r\n<ul class=\"wp-block-list\"><li>Potage de p\u00e2tes, semoule \u00e0 l\u2019eau ou\r\n     vermicelles ou bouillon de l\u00e9gumes filtr\u00e9.<\/li><li>Viande grill\u00e9e, poisson poch\u00e9, deux\r\n     \u0153ufs durs ou jambon.<\/li><li>Biscottes.<\/li><li>Cr\u00e8me de marrons.<\/li><li>Gel\u00e9e de fruits.<\/li><\/ul>\r\n\r\n\r\n\r\n<h4 class=\"wp-block-heading\"><strong>Boissons :&nbsp;<\/strong><\/h4>\r\n\r\n\r\n\r\n<ul class=\"wp-block-list\"><li>Eau min\u00e9rale plate, jus de raisin, jus\r\n     de pomme, jus de citron.<\/li><\/ul>\r\n\r\n\r\n\r\n<h3 class=\"wp-block-heading\"><strong>Aliments\r\ninterdits<\/strong><\/h3>\r\n\r\n\r\n\r\n<h4 class=\"wp-block-heading\"><strong>Petit d\u00e9jeuner et go\u00fbter :<\/strong><strong><\/strong><\/h4>\r\n\r\n\r\n\r\n<ul class=\"wp-block-list\"><li>Lait, pain blanc, complet, c\u00e9r\u00e9ales\r\n     (avoine, orge, ma\u00efs), confiture, g\u00e2teaux, madeleines, brioches.<\/li><\/ul>\r\n\r\n\r\n\r\n<h4 class=\"wp-block-heading\"><strong>Repas du midi :&nbsp;<\/strong><\/h4>\r\n\r\n\r\n\r\n<ul class=\"wp-block-list\"><li>Charcuterie.<\/li><li>Tous les l\u00e9gumes crus, cuits, secs.<\/li><li>Tous les fromages &nbsp;\u00e0 l\u2019exclusion\r\n     du gruy\u00e8re ou fromage de Hollande.<\/li><li>Fruits frais, secs, compotes.<\/li><li>Tous les yaourts, confiserie.<\/li><\/ul>\r\n\r\n\r\n\r\n<h4 class=\"wp-block-heading\"><strong>Repas du soir :<\/strong><\/h4>\r\n\r\n\r\n\r\n<ul class=\"wp-block-list\"><li>Soupe.<\/li><\/ul>\r\n\r\n\r\n\r\n<h4 class=\"wp-block-heading\"><strong>Boissons :&nbsp;<\/strong><\/h4>\r\n\r\n\r\n\r\n<ul class=\"wp-block-list\"><li>Sodas, alcools.<\/li><\/ul>\r\n\r\n\r\n\r\n<p>D\u2019autres\r\ninformations et exemples de recettes sur le site&nbsp;: <a href=\"https:\/\/www.cregg.org\/fiches-recommandations\/alimentation-sans-residus\/\">https:\/\/www.cregg.org\/fiches-recommandations\/alimentation-sans-residus<\/a>\/<\/p>\r\n\r\n\r\n\r\n<ul class=\"wp-block-list\"><li><\/li><\/ul>\r\n\r\n<\/div>","protected":false},"excerpt":{"rendered":"<p>R\u00e9gime \u00e0 Faible Teneur en R\u00e9sidus Aliments permis dans le r\u00e9gime \u00e0 faible teneur en r\u00e9sidus produits c\u00e9r\u00e9aliers raffin\u00e9s tels que les pains blancs, les c\u00e9r\u00e9ales et les p\u00e2tes (cherchez sur l\u2019\u00e9tiquette ceux qui ont moins de 2&nbsp;g de fibres par portion) riz blanc jus sans pulpe ou graines viande, poisson et \u0153ufs huile, margarine, [&hellip;]<\/p>\n","protected":false},"author":1,"featured_media":0,"parent":0,"menu_order":0,"comment_status":"closed","ping_status":"closed","template":"","meta":{"footnotes":""},"class_list":["post-56","page","type-page","status-publish","hentry"],"aioseo_notices":[],"_links":{"self":[{"href":"https:\/\/cmvillette.be\/index.php\/wp-json\/wp\/v2\/pages\/56","targetHints":{"allow":["GET"]}}],"collection":[{"href":"https:\/\/cmvillette.be\/index.php\/wp-json\/wp\/v2\/pages"}],"about":[{"href":"https:\/\/cmvillette.be\/index.php\/wp-json\/wp\/v2\/types\/page"}],"author":[{"embeddable":true,"href":"https:\/\/cmvillette.be\/index.php\/wp-json\/wp\/v2\/users\/1"}],"replies":[{"embeddable":true,"href":"https:\/\/cmvillette.be\/index.php\/wp-json\/wp\/v2\/comments?post=56"}],"version-history":[{"count":3,"href":"https:\/\/cmvillette.be\/index.php\/wp-json\/wp\/v2\/pages\/56\/revisions"}],"predecessor-version":[{"id":387,"href":"https:\/\/cmvillette.be\/index.php\/wp-json\/wp\/v2\/pages\/56\/revisions\/387"}],"wp:attachment":[{"href":"https:\/\/cmvillette.be\/index.php\/wp-json\/wp\/v2\/media?parent=56"}],"curies":[{"name":"wp","href":"https:\/\/api.w.org\/{rel}","templated":true}]}}