{"id":18,"date":"2019-01-13T19:32:55","date_gmt":"2019-01-13T18:32:55","guid":{"rendered":"http:\/\/cmvillette.be\/?page_id=18"},"modified":"2025-12-11T10:11:25","modified_gmt":"2025-12-11T09:11:25","slug":"a-propos-de","status":"publish","type":"page","link":"https:\/\/cmvillette.be\/index.php\/a-propos-de\/","title":{"rendered":"\u00c0 propos de"},"content":{"rendered":"<div class=\"test\">\n<span style=\"vertical-align: inherit;\"><span style=\"vertical-align: inherit;\"><span style=\"vertical-align: inherit;\"><span style=\"vertical-align: inherit;\"><span style=\"vertical-align: inherit;\"><span style=\"vertical-align: inherit;\">Le Dr Geurinckx Fabrice est M\u00e9decin G\u00e9n\u00e9raliste agr\u00e9\u00e9, accr\u00e9dit\u00e9 et conventionn\u00e9, dipl\u00f4m\u00e9 en 1996, il est \u00e9galement titulaire du certificat d&rsquo;interpr\u00e9tation des \u00e9lectrocardiogrammes. <\/span><\/span><\/span><\/span><\/span><\/span><span style=\"vertical-align: inherit;\"><span style=\"vertical-align: inherit;\"><span style=\"vertical-align: inherit;\"><span style=\"vertical-align: inherit;\"><span style=\"vertical-align: inherit;\"><span style=\"vertical-align: inherit;\">La petite chirurgie et les \u00e9preuves fonctionnelles respiratoires sont \u00e9galement pratiqu\u00e9es. <\/span><\/span><\/span><\/span><\/span><span style=\"vertical-align: inherit;\"><span style=\"vertical-align: inherit;\"><span style=\"vertical-align: inherit;\"><span style=\"vertical-align: inherit;\"><span style=\"vertical-align: inherit;\">Les langues parl\u00e9es sont le Fran\u00e7ais et l&rsquo;Anglais.<\/span><\/span><\/span><\/span><\/span><\/span>\n<\/div>\n","protected":false},"excerpt":{"rendered":"<p>Le Dr Geurinckx Fabrice est M\u00e9decin G\u00e9n\u00e9raliste agr\u00e9\u00e9, accr\u00e9dit\u00e9 et conventionn\u00e9, dipl\u00f4m\u00e9 en 1996, il est \u00e9galement titulaire du certificat d&rsquo;interpr\u00e9tation des \u00e9lectrocardiogrammes. La petite chirurgie et les \u00e9preuves fonctionnelles respiratoires sont \u00e9galement pratiqu\u00e9es. Les langues parl\u00e9es sont le Fran\u00e7ais et l&rsquo;Anglais.<\/p>\n","protected":false},"author":1,"featured_media":253,"parent":0,"menu_order":0,"comment_status":"closed","ping_status":"closed","template":"","meta":{"footnotes":""},"class_list":["post-18","page","type-page","status-publish","has-post-thumbnail","hentry"],"aioseo_notices":[],"_links":{"self":[{"href":"https:\/\/cmvillette.be\/index.php\/wp-json\/wp\/v2\/pages\/18","targetHints":{"allow":["GET"]}}],"collection":[{"href":"https:\/\/cmvillette.be\/index.php\/wp-json\/wp\/v2\/pages"}],"about":[{"href":"https:\/\/cmvillette.be\/index.php\/wp-json\/wp\/v2\/types\/page"}],"author":[{"embeddable":true,"href":"https:\/\/cmvillette.be\/index.php\/wp-json\/wp\/v2\/users\/1"}],"replies":[{"embeddable":true,"href":"https:\/\/cmvillette.be\/index.php\/wp-json\/wp\/v2\/comments?post=18"}],"version-history":[{"count":15,"href":"https:\/\/cmvillette.be\/index.php\/wp-json\/wp\/v2\/pages\/18\/revisions"}],"predecessor-version":[{"id":512,"href":"https:\/\/cmvillette.be\/index.php\/wp-json\/wp\/v2\/pages\/18\/revisions\/512"}],"wp:featuredmedia":[{"embeddable":true,"href":"https:\/\/cmvillette.be\/index.php\/wp-json\/wp\/v2\/media\/253"}],"wp:attachment":[{"href":"https:\/\/cmvillette.be\/index.php\/wp-json\/wp\/v2\/media?parent=18"}],"curies":[{"name":"wp","href":"https:\/\/api.w.org\/{rel}","templated":true}]}}